{"id":903,"date":"2023-02-19T20:24:18","date_gmt":"2023-02-20T01:24:18","guid":{"rendered":"https:\/\/www.acmkissimmee.org\/?page_id=903"},"modified":"2023-02-22T07:57:17","modified_gmt":"2023-02-22T12:57:17","slug":"declaracion-de-fe","status":"publish","type":"page","link":"https:\/\/www.acmkissimmee.org\/en\/declaracion-de-fe\/","title":{"rendered":"Declaraci\u00f3n De Fe"},"content":{"rendered":"<h2 class=\"has-small-font-size wp-block-heading\" style=\"text-transform:capitalize\"><strong>Nuestra Iglesia profesa la doctrina contenida en los siguientes principios de Fe:<\/strong><\/h2>\n\n\n\n<ol class=\"wp-block-list\">\n<li class=\"single-content\">Hay un Dios,<sup>1<\/sup> quien es infinitamente perfecto,<sup>2<\/sup> que existe eternamente en tres personas: Padre, Hijo, y Esp\u00edritu Santo.<sup>3<\/sup> (<sup>1<\/sup>Deuteronomio 6:4; <sup>2<\/sup>Mateo 5:48; <sup>3<\/sup>Mateo 28:19)<\/li>\n\n\n\n<li>Jesucristo es verdadero Dios y verdadero hombre.<sup>4<\/sup> Fue concebido por el Esp\u00edritu Santo y nacido de la virgen Mar\u00eda.<sup>5<\/sup> Muri\u00f3 en la cruz, el Justo por los injustos,<sup>6<\/sup> como un sacrificio sustitutorio,<sup>7<\/sup> y todos los que creen en \u00e9l son justificados a base de su sangre derramada.<sup>8<\/sup> El se levant\u00f3 de los muertos conforme a las Escrituras.<sup>9<\/sup> El est\u00e1 ahora a la diestra de la Majestad en las alturas como nuestro gran Sumo Sacerdote.<sup>10<\/sup> Volver\u00e1 otra vez para establecer su reino de rectitud y paz.<sup>11<\/sup>(<sup>4<\/sup>Filipenses 2:6-11; <sup>5<\/sup>Lucas 1:34-38; <sup>6<\/sup>1 Pedro 3:18; <sup>7<\/sup>Hebreos 2:9; <sup>8<\/sup>Romanos 5:9; <sup>9<\/sup>Hechos 2:23-24; <sup>10<\/sup>Hebreos 8:1; <sup>11<\/sup>Mateo 26:64)<\/li>\n\n\n\n<li>El Esp\u00edritu Santo es una persona divina,<sup>12<\/sup> enviado para morar, guiar, ense\u00f1ar, dar poder al creyente,<sup>13<\/sup> y convencer al mundo de pecado, de justicia, y de juicio.<sup>14<\/sup> ( <sup>12<\/sup>Juan 14:15-18; <sup>13<\/sup>Juan 16:13, Hechos 1:8; <sup>14<\/sup>Juan 16:7-11)<\/li>\n\n\n\n<li>El Antiguo y el Nuevo Testamento, sin error en su forma original, fueron inspirados verbalmente por Dios y son una completa revelaci\u00f3n de su voluntad para la salvaci\u00f3n de los hombres. Constituyen la regla divina y \u00fanica de la fe y la pr\u00e1ctica cristianas.<sup>15<\/sup> (<sup>15<\/sup>2 Pedro 1:20-21 y 2 Timoteo 3:15-16)<\/li>\n\n\n\n<li>El hombre fue originalmente creado a la imagen y semejanza de Dios;<sup>16<\/sup>cay\u00f3 por desobediencia, y as\u00ed incurri\u00f3 tanto en la muerte espiritual como la f\u00edsica. Todos los hombres nacen con una naturaleza pecaminosa,<sup>17<\/sup> est\u00e1n separados de la vida de Dios, y pueden ser salvos s\u00f3lo por la obra expiatoria del Se\u00f1or Jesucristo.<sup>18<\/sup>La porci\u00f3n del impenitente e incr\u00e9dulo ser\u00e1 existencia por siempre en tormento consciente;<sup>19<\/sup> y la del creyente ser\u00e1 eterno gozo y bendici\u00f3n.<sup>20<\/sup> (<sup>16<\/sup>G\u00e9nesis 1:27; <sup>17<\/sup>Romanos 3:23; <sup>18<\/sup>1 Corintios 15:20-23; <sup>19<\/sup>Apocalipsis 21:8; <sup>20<\/sup>Apocalipsis 21:14) <\/li>\n\n\n\n<li>La salvaci\u00f3n ha sido provista a trav\u00e9s de Jesucristo para todos los hombres; y aquellos que se arrepienten y creen en \u00e9l son nacidos de nuevo del Esp\u00edritu Santo, reciben el don de la vida eterna, y se convierten en hijos de Dios.<sup>21<\/sup> (<sup>21<\/sup>Tito 3:4-7)<\/li>\n\n\n\n<li>Es la voluntad de Dios que cada creyente sea lleno del Esp\u00edritu Santo y enteramente santificado,<sup>22<\/sup> que sea separado del pecado y del mundo y completamente dedicado a la voluntad de Dios, recibiendo as\u00ed poder para la vida santa y el servicio eficaz.<sup>23<\/sup> Esto es tanto una crisis como una experiencia progresiva realizada en la vida del creyente subsecuente a la conversi\u00f3n.<sup>24<\/sup> (<sup>22<\/sup>1 Tesalonicenses 5:23; <sup>23<\/sup>Hechos 1:8; <sup>24<\/sup>Romanos 6:1-14)<\/li>\n\n\n\n<li>Se hace provisi\u00f3n en la obra redentora del Se\u00f1or Jesucristo para la sanidad del cuerpo mortal.<sup>25<\/sup> La oraci\u00f3n por los enfermos y la unci\u00f3n con aceite se ense\u00f1an en las Escrituras y son privilegios para la Iglesia en la \u00e9poca presente.<sup>26<\/sup>(<sup>25<\/sup>Mateo 8:16-17; <sup>26<\/sup>Santiago 5:13-16)<\/li>\n\n\n\n<li>La iglesia consiste de todos aquellos que creen en el Se\u00f1or Jesucristo, son redimidos por su sangre, y son nacidos de nuevo del Esp\u00edritu Santo. Cristo es la Cabeza del Cuerpo, la Iglesia,<sup>27 <\/sup>que ha sido comisionada por \u00e9l para ir a todo el mundo como testimonio, a predicar el evangelio a todas las naciones.<sup>28<\/sup> <br><br>La iglesia local es un cuerpo de creyentes en Cristo que se re\u00fane para la adoraci\u00f3n de Dios, para edificaci\u00f3n a trav\u00e9s de la Palabra de Dios, para la oraci\u00f3n, el compa\u00f1erismo, la proclamaci\u00f3n del evangelio, y la celebraci\u00f3n de las ordenanzas del bautismo y la Santa Cena.<sup>29<\/sup> (<sup>27<\/sup>Efesios 1:22-23; <sup>28<\/sup>Mateo 28:19-20; <sup>29<\/sup>Hechos 2:41-47)<\/li>\n\n\n\n<li>Habr\u00e1 una resurrecci\u00f3n corporal de los justos y los injustos; para aqu\u00e9llos, una resurrecci\u00f3n de vida,<sup>30<\/sup> y para \u00e9stos, una resurrecci\u00f3n para juicio.<sup>31<\/sup> (<sup>30<\/sup>1 Corintios 15:20-23; <sup>31<\/sup>Juan 5:28-29)<\/li>\n\n\n\n<li>La segunda venida del Se\u00f1or Jesucristo es inminente<sup>32<\/sup> y ser\u00e1 personal, visible, y premilenial.<sup>33 <\/sup>Esta es la esperanza bienaventurada del creyente y es una verdad vital que le impulsa a una vida santa y un servicio fiel. <sup>34<\/sup> (<sup>32<\/sup>Hebreos 10:37; <sup>33<\/sup>Lucas 21:27; <sup>34<\/sup>Tito 2:11-14)<\/li>\n<\/ol>\n\n\n\n<p class=\"has-text-align-right has-small-font-size\">Referencia:&nbsp;<a rel=\"noreferrer noopener\" href=\"https:\/\/cdn.cmalliance.org\/wordpress\/cmalliance\/2023-CMA-Manual-Spanish-1-3-23.pdf\" target=\"_blank\">2023 Manual de La Alianza Cristiana y Misionera<\/a>&nbsp;| Revisado (enero\/3)<\/p>","protected":false},"excerpt":{"rendered":"<p>Nuestra Iglesia profesa la doctrina contenida en los siguientes principios de Fe: Referencia:&nbsp;2023 Manual de La Alianza Cristiana y Misionera&nbsp;| Revisado (enero\/3)<\/p>","protected":false},"author":1,"featured_media":917,"parent":0,"menu_order":0,"comment_status":"closed","ping_status":"closed","template":"","meta":{"footnotes":""},"class_list":["post-903","page","type-page","status-publish","has-post-thumbnail","hentry","ctfw-has-image"],"_links":{"self":[{"href":"https:\/\/www.acmkissimmee.org\/en\/wp-json\/wp\/v2\/pages\/903","targetHints":{"allow":["GET"]}}],"collection":[{"href":"https:\/\/www.acmkissimmee.org\/en\/wp-json\/wp\/v2\/pages"}],"about":[{"href":"https:\/\/www.acmkissimmee.org\/en\/wp-json\/wp\/v2\/types\/page"}],"author":[{"embeddable":true,"href":"https:\/\/www.acmkissimmee.org\/en\/wp-json\/wp\/v2\/users\/1"}],"replies":[{"embeddable":true,"href":"https:\/\/www.acmkissimmee.org\/en\/wp-json\/wp\/v2\/comments?post=903"}],"version-history":[{"count":5,"href":"https:\/\/www.acmkissimmee.org\/en\/wp-json\/wp\/v2\/pages\/903\/revisions"}],"predecessor-version":[{"id":1175,"href":"https:\/\/www.acmkissimmee.org\/en\/wp-json\/wp\/v2\/pages\/903\/revisions\/1175"}],"wp:featuredmedia":[{"embeddable":true,"href":"https:\/\/www.acmkissimmee.org\/en\/wp-json\/wp\/v2\/media\/917"}],"wp:attachment":[{"href":"https:\/\/www.acmkissimmee.org\/en\/wp-json\/wp\/v2\/media?parent=903"}],"curies":[{"name":"wp","href":"https:\/\/api.w.org\/{rel}","templated":true}]}}